{"id":140,"date":"2024-03-17T06:50:47","date_gmt":"2024-03-17T06:50:47","guid":{"rendered":"https:\/\/your-growth-studio.com\/?page_id=140"},"modified":"2024-03-17T19:09:53","modified_gmt":"2024-03-17T19:09:53","slug":"startseite","status":"publish","type":"page","link":"https:\/\/your-growth-studio.com\/en\/","title":{"rendered":"Home"},"content":{"rendered":"<div class=\"wp-block-group has-global-padding is-layout-constrained wp-container-core-group-is-layout-650790e1 wp-block-group-is-layout-constrained\">\n<h1 class=\"wp-block-heading has-text-align-center has-x-large-font-size\">Stories about a life full of fears on the way to fulfillment<\/h1>\n\n\n\n<div style=\"height:1.25rem\" aria-hidden=\"true\" class=\"wp-block-spacer\"><\/div>\n\n\n\n<p class=\"has-text-align-center\">Clara Morgenroth is a young author who processes and shares her thoughts on ambitions, crises and self-doubt in a book and on this blog.<\/p>\n\n\n\n<div style=\"height:1.25rem\" aria-hidden=\"true\" class=\"wp-block-spacer\"><\/div>\n\n\n\n<div class=\"wp-block-buttons is-content-justification-center is-layout-flex wp-container-core-buttons-is-layout-a89b3969 wp-block-buttons-is-layout-flex\">\n<div class=\"wp-block-button\"><a class=\"wp-block-button__link wp-element-button\" href=\"https:\/\/your-growth-studio.com\/en\/ueber-mich\/\">About me<\/a><\/div>\n\n\n\n<div class=\"wp-block-button\"><a class=\"wp-block-button__link wp-element-button\" href=\"https:\/\/your-growth-studio.com\/en\/mein-blog\/\">My blog<\/a><\/div>\n<\/div>\n<\/div>\n\n\n\n<div class=\"wp-block-group alignfull has-global-padding is-layout-constrained wp-container-core-group-is-layout-d89aad35 wp-block-group-is-layout-constrained\" style=\"margin-top:0;margin-bottom:0;padding-top:var(--wp--preset--spacing--50);padding-right:var(--wp--preset--spacing--50);padding-bottom:var(--wp--preset--spacing--50);padding-left:var(--wp--preset--spacing--50)\">\n<div class=\"wp-block-columns alignwide are-vertically-aligned-center is-layout-flex wp-container-core-columns-is-layout-47c06fe3 wp-block-columns-is-layout-flex\">\n<div class=\"wp-block-column is-vertically-aligned-center is-layout-flow wp-block-column-is-layout-flow\" style=\"flex-basis:50%\">\n<blockquote class=\"wp-block-quote is-layout-flow wp-block-quote-is-layout-flow\">\n<p><strong>Writing stories is an act of letting go<\/strong><\/p>\n<cite>Goethe<\/cite><\/blockquote>\n\n\n\n<ul style=\"line-height:1.75\" class=\"is-style-checkmark-list wp-block-list\">\n<li><\/li>\n<\/ul>\n<\/div>\n\n\n\n<div class=\"wp-block-column is-vertically-aligned-center is-layout-flow wp-block-column-is-layout-flow\" style=\"flex-basis:50%\">\n<figure class=\"wp-block-image size-full is-style-rounded is-style-rounded--1\"><img loading=\"lazy\" decoding=\"async\" width=\"1600\" height=\"1200\" src=\"https:\/\/your-growth-studio.com\/wp-content\/uploads\/2024\/03\/WhatsApp-Image-2024-03-17-at-16.06.40.jpeg\" alt=\"\" class=\"wp-image-194\" style=\"aspect-ratio:4\/3;object-fit:cover\" srcset=\"https:\/\/your-growth-studio.com\/wp-content\/uploads\/2024\/03\/WhatsApp-Image-2024-03-17-at-16.06.40.jpeg 1600w, https:\/\/your-growth-studio.com\/wp-content\/uploads\/2024\/03\/WhatsApp-Image-2024-03-17-at-16.06.40-300x225.jpeg 300w, https:\/\/your-growth-studio.com\/wp-content\/uploads\/2024\/03\/WhatsApp-Image-2024-03-17-at-16.06.40-1024x768.jpeg 1024w, https:\/\/your-growth-studio.com\/wp-content\/uploads\/2024\/03\/WhatsApp-Image-2024-03-17-at-16.06.40-768x576.jpeg 768w, https:\/\/your-growth-studio.com\/wp-content\/uploads\/2024\/03\/WhatsApp-Image-2024-03-17-at-16.06.40-1536x1152.jpeg 1536w\" sizes=\"auto, (max-width: 1600px) 100vw, 1600px\" \/><\/figure>\n<\/div>\n<\/div>\n<\/div>","protected":false},"excerpt":{"rendered":"<p>Geschichten \u00fcber ein Leben voller \u00c4ngste und Zw\u00e4nge auf dem Weg zur Erf\u00fcllung Clara Morgenroth ist eine junge Autorin, die ihre Gedanken rund um Ambitionen, Krisen und Selbstzweifeln in einem Buch und auf diesem Blog verarbeitet und teilt. &#8222;Geschichten schreiben ist eine Art, sich das Vergangene vom Hals zu schaffen&#8220;<\/p>","protected":false},"author":1,"featured_media":0,"parent":0,"menu_order":0,"comment_status":"closed","ping_status":"closed","template":"","meta":{"footnotes":""},"class_list":["post-140","page","type-page","status-publish","hentry"],"_links":{"self":[{"href":"https:\/\/your-growth-studio.com\/en\/wp-json\/wp\/v2\/pages\/140","targetHints":{"allow":["GET"]}}],"collection":[{"href":"https:\/\/your-growth-studio.com\/en\/wp-json\/wp\/v2\/pages"}],"about":[{"href":"https:\/\/your-growth-studio.com\/en\/wp-json\/wp\/v2\/types\/page"}],"author":[{"embeddable":true,"href":"https:\/\/your-growth-studio.com\/en\/wp-json\/wp\/v2\/users\/1"}],"replies":[{"embeddable":true,"href":"https:\/\/your-growth-studio.com\/en\/wp-json\/wp\/v2\/comments?post=140"}],"version-history":[{"count":6,"href":"https:\/\/your-growth-studio.com\/en\/wp-json\/wp\/v2\/pages\/140\/revisions"}],"predecessor-version":[{"id":198,"href":"https:\/\/your-growth-studio.com\/en\/wp-json\/wp\/v2\/pages\/140\/revisions\/198"}],"wp:attachment":[{"href":"https:\/\/your-growth-studio.com\/en\/wp-json\/wp\/v2\/media?parent=140"}],"curies":[{"name":"wp","href":"https:\/\/api.w.org\/{rel}","templated":true}]}}